{"id":410,"date":"2023-06-07T14:27:02","date_gmt":"2023-06-07T14:27:02","guid":{"rendered":"https:\/\/itery.de\/?page_id=410"},"modified":"2023-06-07T15:34:43","modified_gmt":"2023-06-07T15:34:43","slug":"home-2","status":"publish","type":"page","link":"https:\/\/itery.de\/","title":{"rendered":"Home"},"content":{"rendered":"\r\n<div class=\"wp-block-cover alignfull\" style=\"background-image: url('https:\/\/itery.de\/wp-content\/uploads\/2021\/06\/tasztatur-scaled.jpg'); background-position: 50% 50%; min-height: 600px;\">\r\n<div class=\"wp-block-cover__inner-container\">\r\n<div class=\"wp-block-spacer\" style=\"height: 150px;\" aria-hidden=\"true\">\u00a0<\/div>\r\n\r\n\r\n\r\n<h1 class=\"has-text-align-center has-text-color\" style=\"color: #ffffff;\">Die L\u00f6sung f\u00fcr <br \/>Ihre IT-Probleme!<\/h1>\r\n\r\n\r\n\r\n<p class=\"has-text-align-center has-text-color\" style=\"color: #ffffff; font-size: 17px;\">IT-Beratung und Entwicklung<\/p>\r\n\r\n\r\n\r\n<div class=\"wp-container-2 is-horizontal is-content-justification-center wp-block-buttons\">\r\n<div class=\"wp-block-button is-style-primary\"><a class=\"wp-block-button__link wp-element-button\" href=\"https:\/\/itery.de\/?page_id=2\">Profile<\/a><\/div>\r\n\r\n\r\n\r\n<div class=\"wp-block-button is-style-secondary\"><a class=\"wp-block-button__link wp-element-button\" href=\"https:\/\/itery.de\/?page_id=75\">HIRE<\/a><\/div>\r\n<\/div>\r\n\r\n\r\n\r\n<div class=\"wp-block-spacer\" style=\"height: 80px;\" aria-hidden=\"true\">\u00a0<\/div>\r\n\r\n\r\n\r\n<div class=\"wp-block-spacer\" style=\"height: 80px;\" aria-hidden=\"true\">\u00a0<\/div>\r\n<\/div>\r\n<\/div>\r\n\r\n\r\n\r\n<div class=\"wp-block-spacer\" style=\"height: 80px;\" aria-hidden=\"true\">\u00a0<\/div>\r\n\r\n\r\n\r\n<div class=\"wp-container-6 wp-block-columns\">\r\n<div class=\"wp-container-3 wp-block-column\"><div class=\"wp-block-image icon-style is-style-rounded\">\r\n<figure class=\"aligncenter size-large\"><img loading=\"lazy\" width=\"72\" height=\"72\" class=\"wp-image-20\" title=\"\" src=\"https:\/\/api.themeisle.com\/templates-data\/2023\/01\/ebf0233ced7259cf0838b7ba6d3aee075udqur826ojgsxrmsxsc\/images\/neve-webdesign-GB-03.png\" alt=\"\" \/><\/figure><\/div>\r\n\r\n\r\n<div class=\"wp-block-spacer\" style=\"height: 20px;\" aria-hidden=\"true\">\u00a0<\/div>\r\n\r\n\r\n\r\n<h3 class=\"has-text-align-center has-neve-text-color-color has-text-color\">Faire Preise<\/h3>\r\n\r\n\r\n\r\n<p class=\"has-text-align-center\">Uns ist eine gute Leistung wichtig und dazu geh\u00f6rt auch ein fairer Preis!<\/p>\r\n\r\n\r\n\r\n<div class=\"wp-block-spacer\" style=\"height: 20px;\" aria-hidden=\"true\">\u00a0<\/div>\r\n<\/div>\r\n\r\n\r\n\r\n<div class=\"wp-container-4 wp-block-column\"><div class=\"wp-block-image icon-style is-style-rounded\">\r\n<figure class=\"aligncenter size-large\"><img loading=\"lazy\" width=\"72\" height=\"72\" class=\"wp-image-20\" src=\"https:\/\/api.themeisle.com\/templates-data\/2023\/01\/ebf0233ced7259cf0838b7ba6d3aee075udqur826ojgsxrmsxsc\/images\/neve-webdesign-GB-03.png\" alt=\"\" \/><\/figure><\/div>\r\n\r\n\r\n<div class=\"wp-block-spacer\" style=\"height: 20px;\" aria-hidden=\"true\">\u00a0<\/div>\r\n\r\n\r\n\r\n<h3 class=\"has-text-align-center has-neve-text-color-color has-text-color\">P\u00fcnktlich<\/h3>\r\n\r\n\r\n\r\n<p class=\"has-text-align-center\">Sie m\u00fcssen eine Deadline einhalten? <br \/>Kein Problem!<\/p>\r\n\r\n\r\n\r\n<div class=\"wp-block-spacer\" style=\"height: 20px;\" aria-hidden=\"true\">\u00a0<\/div>\r\n<\/div>\r\n\r\n\r\n\r\n<div class=\"wp-container-5 wp-block-column\"><div class=\"wp-block-image icon-style is-style-rounded\">\r\n<figure class=\"aligncenter size-large\"><img loading=\"lazy\" width=\"72\" height=\"72\" class=\"wp-image-20\" src=\"https:\/\/api.themeisle.com\/templates-data\/2023\/01\/ebf0233ced7259cf0838b7ba6d3aee075udqur826ojgsxrmsxsc\/images\/neve-webdesign-GB-03.png\" alt=\"\" \/><\/figure><\/div>\r\n\r\n\r\n<div class=\"wp-block-spacer\" style=\"height: 20px;\" aria-hidden=\"true\">\u00a0<\/div>\r\n\r\n\r\n\r\n<h3 class=\"has-text-align-center has-neve-text-color-color has-text-color\">Schnelle Realisierung<\/h3>\r\n\r\n\r\n\r\n<p class=\"has-text-align-center\">Ihr Projekt ist schnell realisiert und funktionst\u00fcchtig!<\/p>\r\n\r\n\r\n\r\n<div class=\"wp-block-spacer\" style=\"height: 20px;\" aria-hidden=\"true\">\u00a0<\/div>\r\n<\/div>\r\n<\/div>\r\n\r\n\r\n\r\n<div class=\"wp-block-spacer\" style=\"height: 80px;\" aria-hidden=\"true\">\u00a0<\/div>\r\n\r\n\r\n\r\n<div class=\"wp-block-cover alignfull has-nv-light-bg-background-color \" style=\"min-height: 600px;\">\r\n<div class=\"wp-block-cover__inner-container\">\r\n<div class=\"wp-container-11 wp-block-group\"><div class=\"wp-block-group__inner-container\">\r\n<div class=\"wp-block-spacer\" style=\"height: 80px;\" aria-hidden=\"true\">\u00a0<\/div>\r\n\r\n\r\n\r\n<div class=\"wp-container-10 wp-block-columns are-vertically-aligned-center\">\r\n<div class=\"wp-container-7 wp-block-column is-vertically-aligned-center\" style=\"flex-basis: 50%;\">\r\n<figure class=\"wp-block-image size-large\"><img class=\"wp-image-37\" src=\"https:\/\/itery.de\/wp-content\/uploads\/2021\/06\/markus-spiske-hvSr_CVecVI-unsplash_2.jpg\" alt=\"\" \/><\/figure>\r\n<\/div>\r\n\r\n\r\n\r\n<div class=\"wp-container-9 wp-block-column is-vertically-aligned-center\" style=\"flex-basis: 50%;\">\r\n<div class=\"wp-block-spacer\" style=\"height: 20px;\" aria-hidden=\"true\">\u00a0<\/div>\r\n\r\n\r\n\r\n<h2 class=\"has-text-align-left has-neve-text-color-color has-text-color\">Leistungen<\/h2>\r\n\r\n\r\n\r\n<p class=\"has-text-align-left has-neve-text-color-color has-text-color\" style=\"font-size: 17px;\">Beratung und Entwicklung im Oracle und\/oder Peoplesoft und Client\/Server Umfeld.\r\nAuch andere Datenbanken wie Sybase und DB2, sowie die Programmiersprachen Java, JavaScript, HTML, CSS, PHP, C, C++, SQL etc. sind uns nicht fremd.<\/p>\r\n\r\n\r\n\r\n<div class=\"wp-container-8 is-horizontal is-content-justification-left wp-block-buttons\">\r\n<div class=\"wp-block-button is-style-primary\"><a class=\"wp-block-button__link wp-element-button\" href=\"https:\/\/itery.de\/?page_id=75\">HIRE<\/a><\/div>\r\n<\/div>\r\n<\/div>\r\n<\/div>\r\n\r\n\r\n\r\n<div class=\"wp-block-spacer\" style=\"height: 40px;\" aria-hidden=\"true\">\u00a0<\/div>\r\n<\/div><\/div>\r\n<\/div>\r\n<\/div>\r\n\r\n\r\n\r\n<div class=\"wp-block-cover alignfull\" style=\"min-height: 600px;\">\r\n<div class=\"wp-block-cover__inner-container\">\r\n<div class=\"wp-container-16 wp-block-group\"><div class=\"wp-block-group__inner-container\">\r\n<div class=\"wp-block-spacer\" style=\"height: 80px;\" aria-hidden=\"true\">\u00a0<\/div>\r\n\r\n\r\n\r\n<div class=\"wp-container-15 wp-block-columns are-vertically-aligned-center\">\r\n<div class=\"wp-container-13 wp-block-column is-vertically-aligned-center\" style=\"flex-basis: 50%;\">\r\n<h2 class=\"has-text-align-left has-neve-text-color-color has-text-color\">Projektleitung<\/h2>\r\n\r\n\r\n\r\n<p class=\"has-text-align-left has-neve-text-color-color has-text-color\" style=\"font-size: 17px;\">Auch in der Projektleitung haben wir langj&auml;hrige Erfahrung und arbeiten gezielt bis zum besten Ergebnis.<\/p>\r\n\r\n\r\n\r\n<div class=\"wp-container-12 is-horizontal is-content-justification-left wp-block-buttons\">\r\n<div class=\"wp-block-button is-style-primary\"><a class=\"wp-block-button__link wp-element-button\" href=\"https:\/\/itery.de\/?page_id=75\">HIRE<\/a><\/div>\r\n<\/div>\r\n\r\n\r\n\r\n<div class=\"wp-block-spacer\" style=\"height: 40px;\" aria-hidden=\"true\">\u00a0<\/div>\r\n<\/div>\r\n\r\n\r\n\r\n<div class=\"wp-container-14 wp-block-column is-vertically-aligned-center\" style=\"flex-basis: 50%;\">\r\n<figure class=\"wp-block-image size-large\"><img class=\"wp-image-40\" src=\"https:\/\/itery.de\/wp-content\/uploads\/2021\/06\/scott-graham-5fNmWej4tAA-unsplash_4.jpg\" alt=\"\" \/><\/figure>\r\n<\/div>\r\n<\/div>\r\n\r\n\r\n\r\n<div class=\"wp-block-spacer\" style=\"height: 40px;\" aria-hidden=\"true\">\u00a0<\/div>\r\n<\/div><\/div>\r\n<\/div>\r\n<\/div>\r\n\r\n\r\n\r\n<div class=\"wp-block-cover alignfull has-nv-light-bg-background-color\" style=\"min-height: 600px;\">\r\n<div class=\"wp-block-cover__inner-container\">\r\n<div class=\"wp-container-21 wp-block-group\"><div class=\"wp-block-group__inner-container\">\r\n<div class=\"wp-block-spacer\" style=\"height: 80px;\" aria-hidden=\"true\">\u00a0<\/div>\r\n\r\n\r\n\r\n<div class=\"wp-container-20 wp-block-columns are-vertically-aligned-center\">\r\n<div class=\"wp-container-17 wp-block-column is-vertically-aligned-center\" style=\"flex-basis: 50%;\">\r\n<figure class=\"wp-block-image size-large\"><img class=\"wp-image-35\" src=\"https:\/\/itery.de\/wp-content\/uploads\/2021\/06\/raamin-ka-dwFOqsbUQcM-unsplash3.jpg\" alt=\"\" \/><\/figure>\r\n<\/div>\r\n\r\n\r\n\r\n<div class=\"wp-container-19 wp-block-column is-vertically-aligned-center\" style=\"flex-basis: 50%;\">\r\n<div class=\"wp-block-spacer\" style=\"height: 40px;\" aria-hidden=\"true\">\u00a0<\/div>\r\n\r\n\r\n\r\n<h2 class=\"has-text-align-left has-neve-text-color-color has-text-color\">Pr\u00e4zision<\/h2>\r\n\r\n\r\n\r\n<p class=\"has-text-align-left has-neve-text-color-color has-text-color\" style=\"font-size: 17px;\">In hei&szlig;en Projektphasen hat es sich immer wieder als unser hervorzuhebendes Talent herausgestellt, schnell und gezielt Fehler aufzufinden und Probleml&ouml;sungen anzubieten.<\/p>\r\n\r\n\r\n\r\n<div class=\"wp-container-18 is-horizontal is-content-justification-left wp-block-buttons\">\r\n<div class=\"wp-block-button is-style-primary\"><a class=\"wp-block-button__link wp-element-button\" href=\"https:\/\/itery.de\/?page_id=75\">HIRE<\/a><\/div>\r\n<\/div>\r\n<\/div>\r\n<\/div>\r\n\r\n\r\n\r\n<div class=\"wp-block-spacer\" style=\"height: 50px;\" aria-hidden=\"true\">\u00a0<\/div>\r\n<\/div><\/div>\r\n<\/div>\r\n<\/div>\r\n\r\n\r\n\r\n\r\n\r\n\r\n\r\n\r\n<div class=\"wp-block-cover alignfull has-nv-dark-bg-background-color\" style=\"min-height: 300px;\">\r\n<div class=\"wp-block-cover__inner-container\">\r\n<div class=\"wp-block-spacer\" style=\"height: 140px;\" aria-hidden=\"true\">\u00a0<\/div>\r\n\r\n\r\n\r\n<h2 class=\"has-text-align-center has-nv-text-dark-bg-color has-text-color\">Haben wir Ihr Interesse geweckt? <br \/>Dann melden Sie sich bei uns!<\/h2>\r\n\r\n\r\n\r\n<p class=\"has-text-align-center\">Jetzt auf den Knopf klicken und direkt Kontakt aufnehmen.<\/p>\r\n\r\n\r\n\r\n<div class=\"wp-container-22 is-horizontal is-content-justification-center wp-block-buttons\">\r\n<div class=\"wp-block-button is-style-primary\"><a class=\"wp-block-button__link wp-element-button\" href=\"https:\/\/itery.de\/?page_id=75\">Kontakt<\/a><\/div>\r\n<\/div>\r\n\r\n\r\n\r\n<div class=\"wp-block-spacer\" style=\"height: 140px;\" aria-hidden=\"true\">\u00a0<\/div>\r\n<\/div>\r\n<\/div>\r\n","protected":false},"excerpt":{"rendered":"<p>Faire Preise Uns ist eine gute Leistung wichtig und dazu geh\u00f6rt auch ein fairer Preis! P\u00fcnktlich Sie m\u00fcssen eine Deadline einhalten? Kein Problem! Schnelle Realisierung Ihr Projekt ist schnell realisiert&hellip;&nbsp;<a href=\"https:\/\/itery.de\/\" rel=\"bookmark\">Weiterlesen &raquo;<span class=\"screen-reader-text\">Home<\/span><\/a><\/p>\n","protected":false},"author":1,"featured_media":0,"parent":0,"menu_order":0,"comment_status":"closed","ping_status":"closed","template":"","meta":{"neve_meta_sidebar":"","neve_meta_container":"","neve_meta_enable_content_width":"on","neve_meta_content_width":100,"neve_meta_title_alignment":"","neve_meta_author_avatar":"","neve_post_elements_order":"","neve_meta_disable_header":"","neve_meta_disable_footer":"","neve_meta_disable_title":"on"},"_links":{"self":[{"href":"https:\/\/itery.de\/index.php?rest_route=\/wp\/v2\/pages\/410"}],"collection":[{"href":"https:\/\/itery.de\/index.php?rest_route=\/wp\/v2\/pages"}],"about":[{"href":"https:\/\/itery.de\/index.php?rest_route=\/wp\/v2\/types\/page"}],"author":[{"embeddable":true,"href":"https:\/\/itery.de\/index.php?rest_route=\/wp\/v2\/users\/1"}],"replies":[{"embeddable":true,"href":"https:\/\/itery.de\/index.php?rest_route=%2Fwp%2Fv2%2Fcomments&post=410"}],"version-history":[{"count":28,"href":"https:\/\/itery.de\/index.php?rest_route=\/wp\/v2\/pages\/410\/revisions"}],"predecessor-version":[{"id":438,"href":"https:\/\/itery.de\/index.php?rest_route=\/wp\/v2\/pages\/410\/revisions\/438"}],"wp:attachment":[{"href":"https:\/\/itery.de\/index.php?rest_route=%2Fwp%2Fv2%2Fmedia&parent=410"}],"curies":[{"name":"wp","href":"https:\/\/api.w.org\/{rel}","templated":true}]}}